{"id":1074,"date":"2019-02-27T12:47:31","date_gmt":"2019-02-27T10:47:31","guid":{"rendered":"https:\/\/www.2x2race.ro\/info\/cazare\/"},"modified":"2023-03-02T19:32:57","modified_gmt":"2023-03-02T17:32:57","slug":"accommodation","status":"publish","type":"page","link":"https:\/\/www.2x2race.ro\/en\/info\/accommodation\/","title":{"rendered":"Accommodation"},"content":{"rendered":"<h4 class=\"title-heading-left\">CAMPING<\/h4>\n<p>100 meters from the race start (<a href=\"https:\/\/www.balea.ro\" title=\"Balea Lake\">Balea Lake<\/a> heliport, across the street from Paltinu Lodge) the organizers, with the generosity of the people from Cartisoara, offer the possibility of free camping (tents only and race number required) in the area to the right of the Transfagarsan road (DN 7C) while looking at the tunnel, around the ASMS Mountain Rescue Hut (white with red hut).<\/p>\n<p>Toilet and shower access is not free and is available at the paid parking and also at the lodges and cabins in the area.<\/p>\n<p>Camping is also possible at the private camping site (between the cable cart lodge and the lodge on the lake).<\/p>\n<p>Free camping is also possible, on both valleys, north and south of the tunnel.<\/p>\n<div class=\"fusion-title title sep-underline sep-dotted\">\n<h4 class=\"title-heading-left\">LODGES AND GUESTHOUSES<\/h4>\n<\/div>\n<p><strong>Cabana Paltinu<\/strong> (20m de start)<br \/>\n<a title=\"Cabana Paltinu\" href=\"http:\/\/www.balea-turism.ro\/cazare-cabana-paltinu\" target=\"_blank\" rel=\"noopener noreferrer\">http:\/\/www.balea-turism.ro\/cazare-cabana-paltinu<\/a><\/p>\n<p><strong>Cabana B\u00e2lea Lac<\/strong> (300m de start)<br \/>\n<a title=\"Cabana Balea Lac\" href=\"http:\/\/www.balealac.ro\/\" target=\"_blank\" rel=\"noopener noreferrer\">http:\/\/www.balealac.ro<\/a><\/p>\n<p><strong>Cabana Capra<\/strong> (8km de start)<br \/>\n<a title=\"Cabana Capra\" href=\"http:\/\/www.cabanacapra.ro\/\" target=\"_blank\" rel=\"noopener noreferrer\">http:\/\/www.cabanacapra.ro<\/a><\/p>\n<p><strong>Cabana Conacul Ursului<\/strong> (10km de start)<br \/>\n<a title=\"Cabana Conacul Ursului\" href=\"http:\/\/www.conacul-ursului.ro\/\" target=\"_blank\" rel=\"noopener noreferrer\">http:\/\/www.conacul-ursului.ro<\/a><\/p>\n<p><strong>Vila B\u00e2lea<\/strong> (11km de start)<br \/>\n<a title=\"Vila Balea\" href=\"http:\/\/www.vila-balea.ro\/ro\/\" target=\"_blank\" rel=\"noopener noreferrer\">http:\/\/www.vila-balea.ro\/ro<\/a><\/p>\n<p><strong>Hotel Piscul Negru<\/strong> (13km de start)<br \/>\n<a title=\"Hotel Piscul Negru\" href=\"http:\/\/www.hotelpisculnegru.ro\/\" target=\"_blank\" rel=\"noopener noreferrer\">http:\/\/www.hotelpisculnegru.ro<\/a><\/p>\n<p><strong>Cabana B\u00e2lea Cascad\u0103<\/strong> (14km de start)<br \/>\n<a title=\"Cabana Balea Cascada\" href=\"http:\/\/www.balea-turism.ro\/cazare-cabana-balea-cascada\" target=\"_blank\" rel=\"noopener noreferrer\">http:\/\/www.balea-turism.ro\/cazare-cabana-balea-cascada<\/a><\/p>\n<p><strong>Cabana Vama Cucului<\/strong> (25km de start)<br \/>\n<a title=\"Cabana Vama Cucului\" href=\"http:\/\/vamacucului.ro\/\" target=\"_blank\" rel=\"noopener noreferrer\">http:\/\/vamacucului.ro<\/a><\/p>\n<p><strong>Pensiunea Dana Transf\u0103g\u0103r\u0103\u0219an<\/strong> (25km de start)<br \/>\n<a title=\"Pensiunea Dana Trasnfagarasan\" href=\"http:\/\/www.pensiunea-dana-transfagarasan.ro\/\" target=\"_blank\" rel=\"noopener noreferrer\">http:\/\/www.pensiunea-dana-transfagarasan.ro<\/a><\/p>\n<p><strong>Pensiunea B\u00e2lea and Bungalow Transf\u0103g\u0103r\u0103\u0219an<\/strong> (25km de start)<br \/>\n<a title=\"Pensiunea Balea\" href=\"http:\/\/www.pensiune-transfagarasan.ro\/\" target=\"_blank\" rel=\"noopener noreferrer\">http:\/\/www.pensiune-transfagarasan.ro<\/a><\/p>\n<h4 class=\"title-heading-left\">PARKING<\/h4>\n<p>Because in August, Balea Lac is extremely crowded, parking is very difficult. It is possible wherever you find a place where traffic is not affected and also at one of the two paid parking places, on the left and right of the Transfagarasan road (DN 7C) while looking at the tunnel from the north side.<\/p>\n<p>To avoid problems we recommend arriving as soon as possible on Friday.<\/p>\n","protected":false},"excerpt":{"rendered":"<p>CAMPING 100 meters from the race start (Balea Lake heliport, across the street from Paltinu Lodge) the organizers, with the generosity of the people from Cartisoara, offer the possibility of free camping (tents only and race number required) in the area to the right of the Transfagarsan road (DN 7C) while looking at the tunnel, [&hellip;]<\/p>\n","protected":false},"author":1,"featured_media":0,"parent":1072,"menu_order":0,"comment_status":"closed","ping_status":"closed","template":"","meta":{"footnotes":""},"class_list":["post-1074","page","type-page","status-publish","hentry"],"yoast_head":"<!-- This site is optimized with the Yoast SEO Premium plugin v26.3 (Yoast SEO v27.5) - https:\/\/yoast.com\/product\/yoast-seo-premium-wordpress\/ -->\n<title>Accommodation &#8211; 2X2 Race \u2022 Ultra Sky Marathon<\/title>\n<meta name=\"robots\" content=\"index, follow, max-snippet:-1, max-image-preview:large, max-video-preview:-1\" \/>\n<link rel=\"canonical\" href=\"https:\/\/www.2x2race.ro\/en\/info\/accommodation\/\" \/>\n<meta property=\"og:locale\" content=\"en_US\" \/>\n<meta property=\"og:type\" content=\"article\" \/>\n<meta property=\"og:title\" content=\"Accommodation\" \/>\n<meta property=\"og:description\" content=\"CAMPING 100 meters from the race start (Balea Lake heliport, across the street from Paltinu Lodge) the organizers, with the generosity of the people from Cartisoara, offer the possibility of free camping (tents only and race number required) in the area to the right of the Transfagarsan road (DN 7C) while looking at the tunnel, [&hellip;]\" \/>\n<meta property=\"og:url\" content=\"https:\/\/www.2x2race.ro\/en\/info\/accommodation\/\" \/>\n<meta property=\"og:site_name\" content=\"2X2 Race \u2022 Ultra Sky Marathon\" \/>\n<meta property=\"article:publisher\" content=\"https:\/\/www.facebook.com\/2x2Race\/\" \/>\n<meta property=\"article:modified_time\" content=\"2023-03-02T17:32:57+00:00\" \/>\n<meta name=\"twitter:card\" content=\"summary_large_image\" \/>\n<meta name=\"twitter:label1\" content=\"Est. reading time\" \/>\n\t<meta name=\"twitter:data1\" content=\"2 minutes\" \/>\n<script type=\"application\/ld+json\" class=\"yoast-schema-graph\">{\"@context\":\"https:\\\/\\\/schema.org\",\"@graph\":[{\"@type\":\"WebPage\",\"@id\":\"https:\\\/\\\/www.2x2race.ro\\\/en\\\/info\\\/accommodation\\\/\",\"url\":\"https:\\\/\\\/www.2x2race.ro\\\/en\\\/info\\\/accommodation\\\/\",\"name\":\"Accommodation &#8211; 2X2 Race \u2022 Ultra Sky Marathon\",\"isPartOf\":{\"@id\":\"https:\\\/\\\/www.2x2race.ro\\\/en\\\/#website\"},\"datePublished\":\"2019-02-27T10:47:31+00:00\",\"dateModified\":\"2023-03-02T17:32:57+00:00\",\"breadcrumb\":{\"@id\":\"https:\\\/\\\/www.2x2race.ro\\\/en\\\/info\\\/accommodation\\\/#breadcrumb\"},\"inLanguage\":\"en-US\",\"potentialAction\":[{\"@type\":\"ReadAction\",\"target\":[\"https:\\\/\\\/www.2x2race.ro\\\/en\\\/info\\\/accommodation\\\/\"]}]},{\"@type\":\"BreadcrumbList\",\"@id\":\"https:\\\/\\\/www.2x2race.ro\\\/en\\\/info\\\/accommodation\\\/#breadcrumb\",\"itemListElement\":[{\"@type\":\"ListItem\",\"position\":1,\"name\":\"Prima pagin\u0103\",\"item\":\"https:\\\/\\\/www.2x2race.ro\\\/en\\\/\"},{\"@type\":\"ListItem\",\"position\":2,\"name\":\"Information\",\"item\":\"https:\\\/\\\/www.2x2race.ro\\\/en\\\/info\\\/\"},{\"@type\":\"ListItem\",\"position\":3,\"name\":\"Accommodation\"}]},{\"@type\":\"WebSite\",\"@id\":\"https:\\\/\\\/www.2x2race.ro\\\/en\\\/#website\",\"url\":\"https:\\\/\\\/www.2x2race.ro\\\/en\\\/\",\"name\":\"2X2 Race &bull; Ultra Sky Marathon\",\"description\":\"\",\"publisher\":{\"@id\":\"https:\\\/\\\/www.2x2race.ro\\\/en\\\/#organization\"},\"potentialAction\":[{\"@type\":\"SearchAction\",\"target\":{\"@type\":\"EntryPoint\",\"urlTemplate\":\"https:\\\/\\\/www.2x2race.ro\\\/en\\\/?s={search_term_string}\"},\"query-input\":{\"@type\":\"PropertyValueSpecification\",\"valueRequired\":true,\"valueName\":\"search_term_string\"}}],\"inLanguage\":\"en-US\"},{\"@type\":\"Organization\",\"@id\":\"https:\\\/\\\/www.2x2race.ro\\\/en\\\/#organization\",\"name\":\"2X2 Race\",\"url\":\"https:\\\/\\\/www.2x2race.ro\\\/en\\\/\",\"logo\":{\"@type\":\"ImageObject\",\"inLanguage\":\"en-US\",\"@id\":\"https:\\\/\\\/www.2x2race.ro\\\/en\\\/#\\\/schema\\\/logo\\\/image\\\/\",\"url\":\"https:\\\/\\\/www.2x2race.ro\\\/media\\\/logo.png\",\"contentUrl\":\"https:\\\/\\\/www.2x2race.ro\\\/media\\\/logo.png\",\"width\":100,\"height\":107,\"caption\":\"2X2 Race\"},\"image\":{\"@id\":\"https:\\\/\\\/www.2x2race.ro\\\/en\\\/#\\\/schema\\\/logo\\\/image\\\/\"},\"sameAs\":[\"https:\\\/\\\/www.facebook.com\\\/2x2Race\\\/\",\"https:\\\/\\\/www.instagram.com\\\/2x2Race\\\/\"]}]}<\/script>\n<!-- \/ Yoast SEO Premium plugin. -->","yoast_head_json":{"title":"Accommodation &#8211; 2X2 Race \u2022 Ultra Sky Marathon","robots":{"index":"index","follow":"follow","max-snippet":"max-snippet:-1","max-image-preview":"max-image-preview:large","max-video-preview":"max-video-preview:-1"},"canonical":"https:\/\/www.2x2race.ro\/en\/info\/accommodation\/","og_locale":"en_US","og_type":"article","og_title":"Accommodation","og_description":"CAMPING 100 meters from the race start (Balea Lake heliport, across the street from Paltinu Lodge) the organizers, with the generosity of the people from Cartisoara, offer the possibility of free camping (tents only and race number required) in the area to the right of the Transfagarsan road (DN 7C) while looking at the tunnel, [&hellip;]","og_url":"https:\/\/www.2x2race.ro\/en\/info\/accommodation\/","og_site_name":"2X2 Race \u2022 Ultra Sky Marathon","article_publisher":"https:\/\/www.facebook.com\/2x2Race\/","article_modified_time":"2023-03-02T17:32:57+00:00","twitter_card":"summary_large_image","twitter_misc":{"Est. reading time":"2 minutes"},"schema":{"@context":"https:\/\/schema.org","@graph":[{"@type":"WebPage","@id":"https:\/\/www.2x2race.ro\/en\/info\/accommodation\/","url":"https:\/\/www.2x2race.ro\/en\/info\/accommodation\/","name":"Accommodation &#8211; 2X2 Race \u2022 Ultra Sky Marathon","isPartOf":{"@id":"https:\/\/www.2x2race.ro\/en\/#website"},"datePublished":"2019-02-27T10:47:31+00:00","dateModified":"2023-03-02T17:32:57+00:00","breadcrumb":{"@id":"https:\/\/www.2x2race.ro\/en\/info\/accommodation\/#breadcrumb"},"inLanguage":"en-US","potentialAction":[{"@type":"ReadAction","target":["https:\/\/www.2x2race.ro\/en\/info\/accommodation\/"]}]},{"@type":"BreadcrumbList","@id":"https:\/\/www.2x2race.ro\/en\/info\/accommodation\/#breadcrumb","itemListElement":[{"@type":"ListItem","position":1,"name":"Prima pagin\u0103","item":"https:\/\/www.2x2race.ro\/en\/"},{"@type":"ListItem","position":2,"name":"Information","item":"https:\/\/www.2x2race.ro\/en\/info\/"},{"@type":"ListItem","position":3,"name":"Accommodation"}]},{"@type":"WebSite","@id":"https:\/\/www.2x2race.ro\/en\/#website","url":"https:\/\/www.2x2race.ro\/en\/","name":"2X2 Race &bull; Ultra Sky Marathon","description":"","publisher":{"@id":"https:\/\/www.2x2race.ro\/en\/#organization"},"potentialAction":[{"@type":"SearchAction","target":{"@type":"EntryPoint","urlTemplate":"https:\/\/www.2x2race.ro\/en\/?s={search_term_string}"},"query-input":{"@type":"PropertyValueSpecification","valueRequired":true,"valueName":"search_term_string"}}],"inLanguage":"en-US"},{"@type":"Organization","@id":"https:\/\/www.2x2race.ro\/en\/#organization","name":"2X2 Race","url":"https:\/\/www.2x2race.ro\/en\/","logo":{"@type":"ImageObject","inLanguage":"en-US","@id":"https:\/\/www.2x2race.ro\/en\/#\/schema\/logo\/image\/","url":"https:\/\/www.2x2race.ro\/media\/logo.png","contentUrl":"https:\/\/www.2x2race.ro\/media\/logo.png","width":100,"height":107,"caption":"2X2 Race"},"image":{"@id":"https:\/\/www.2x2race.ro\/en\/#\/schema\/logo\/image\/"},"sameAs":["https:\/\/www.facebook.com\/2x2Race\/","https:\/\/www.instagram.com\/2x2Race\/"]}]}},"_links":{"self":[{"href":"https:\/\/www.2x2race.ro\/en\/wp-json\/wp\/v2\/pages\/1074","targetHints":{"allow":["GET"]}}],"collection":[{"href":"https:\/\/www.2x2race.ro\/en\/wp-json\/wp\/v2\/pages"}],"about":[{"href":"https:\/\/www.2x2race.ro\/en\/wp-json\/wp\/v2\/types\/page"}],"author":[{"embeddable":true,"href":"https:\/\/www.2x2race.ro\/en\/wp-json\/wp\/v2\/users\/1"}],"replies":[{"embeddable":true,"href":"https:\/\/www.2x2race.ro\/en\/wp-json\/wp\/v2\/comments?post=1074"}],"version-history":[{"count":0,"href":"https:\/\/www.2x2race.ro\/en\/wp-json\/wp\/v2\/pages\/1074\/revisions"}],"up":[{"embeddable":true,"href":"https:\/\/www.2x2race.ro\/en\/wp-json\/wp\/v2\/pages\/1072"}],"wp:attachment":[{"href":"https:\/\/www.2x2race.ro\/en\/wp-json\/wp\/v2\/media?parent=1074"}],"curies":[{"name":"wp","href":"https:\/\/api.w.org\/{rel}","templated":true}]}}