{"id":1078,"date":"2019-02-27T12:49:37","date_gmt":"2019-02-27T10:49:37","guid":{"rendered":"https:\/\/www.2x2race.ro\/info\/parcul-natural\/"},"modified":"2019-10-19T15:24:38","modified_gmt":"2019-10-19T13:24:38","slug":"natural-park","status":"publish","type":"page","link":"https:\/\/www.2x2race.ro\/en\/info\/natural-park\/","title":{"rendered":"Natural Park"},"content":{"rendered":"<h4 class=\"title-heading-left\">Parcul Natural \u2018Golul alpin F\u0103g\u0103ra\u0219\u2019<\/h4>\n<div class=\"fusion-title title sep-underline sep-dotted\">\n<h6 class=\"title-heading-left\">AMPLASARE<\/h6>\n<\/div>\n<p>Arealul celor 6.989 ha ale parcului se afl\u0103 pe fa\u0163a nordic\u0103 a masivului, ocup\u00e2nd o parte din sectorul glaciar central al masivului f\u0103g\u0103r\u0103\u015fan.<\/p>\n<div class=\"fusion-title title sep-underline sep-dotted\">\n<h6 class=\"title-heading-left\">LIMITELE PARCULUI NATURAL<\/h6>\n<\/div>\n<p>Golul alpin al Mun\u0163ilor F\u0103g\u0103ra\u015f \u2013 se desf\u0103\u015foar\u0103 \u00eentre v\u00e2rfurile Podragu \u2013 Suru \u015fi sunt conturate: la sud de creasta somital\u0103 a masivului, marcat\u0103 de v\u00e2rfurile: Podragu 2462 m \u2013 Arpa\u015ful Mr. \u2013 2468 m, V\u00e2rtopel \u2013 2385 m, Adam \u2013 2370 m, Capra \u2013 2494 m, V\u00e2n\u0103toarea lui Buteanu \u2013 2508 m, Iezerul Caprei \u2013 2417 m, Paltinul \u2013 2399 m, Laita \u2013 2397 m, C\u0103l\u0163un \u2013 2522 m, Lespezi \u2013 2517 m, Negoiu \u2013 2537 m, \u015eerbota \u2013 2331 m, Scara \u2013 2306 m, Ciortea \u2013 2427 m, Budislavu \u2013 2343 m, Capul Surului \u2013 2274 m \u015fi Suru \u2013 2284 m; la nord limita parcului variaz\u0103 altitudinal \u00eentre 1650 \u2013 1750 m urm\u00e2nd, din est spre vest, liziera (superioar\u0103) a p\u0103durii, care urc\u0103 pe v\u0103i \u015fi terase, dar scade pe culmi; limita estic\u0103 coboar\u0103 din Vf. Podragu \u00een Vf. T\u0103r\u00e2\u0163a \u2013 2414 m \u015fi pe culmea T\u0103r\u00e2\u0163a, p\u00e2n\u0103 \u00een \u015eaua Lespezilor \u2013 1950 m. Limita vestic\u0103 o formeaz\u0103 C\u0103ldarea G\u0103vanului \u015fi Izvorul Moa\u015fa Avrigului. \u00centre aceste limite se desprind din creasta principal\u0103 culmi puternice, \u00eencep\u00e2nd, din vest spre est, cu Muchia Cl\u0103bucetului, culmile B\u0103rcaciului, Puha, \u015eerbotei, Tunsului, Laitei \u2013 L\u0103i\u0163el, B\u00e2lea, Buteanu, Albotei, Podragului \u015fi T\u0103r\u00e2\u0163ei. Golul alpin cuprins \u00eentre aceste muchii, culmi (custuri) poart\u0103 urme m\u0103runte ale glacia\u0163iunii: c\u0103ld\u0103ri suspendate, morene frontale \u015fi laterale \u015fi lacurile glaciare Podragu, Podr\u0103gel, B\u00e2lea, Doamnei, Avrigului, C\u0103l\u0163un.<\/p>\n<div class=\"fusion-title title sep-underline sep-dotted\">\n<h6 class=\"title-heading-left\">LACURI GLACIARE<\/h6>\n<\/div>\n<p>Parcul Natural Golul Alpin al Mun\u0163ilor F\u0103g\u0103ra\u015f g\u0103zduie\u015fte, pe l\u00e2ng\u0103 c\u00e2teva lacuri nivale, cele mai pitore\u015fti lacuri glaciare din \u00eentregul masiv: <a href=\"https:\/\/www.balea.ro\" title=\"Balea\">B\u00e2lea<\/a> \u2013 cu o suprafa\u0163\u0103 de 4,65 ha, ad\u00e2ncime maxim\u0103 11 m \u2013 se afl\u0103 la 2040 m altitudine; Lacul Avrigului \u2013 1,50 ha, 4,5 m ad\u00e2ncime, 2010 m altitudine; Podragu \u2013 2,80 ha, 15,5 m, 2110 m; Podr\u0103gel \u2013 0,25 ha, 2 m, 2105 m; Doamnei \u2013 0,30 ha, 1,5 m, 1850 m; C\u0103l\u0163un \u2013 0,8 ha, 12 m, 2135 m.<\/p>\n<div class=\"fusion-title title sep-underline sep-dotted\">\n<h6 class=\"title-heading-left\">VEGETATIA<\/h6>\n<\/div>\n<p>Vegeta\u0163ia parcului natural reflect\u0103 \u015fi ea zonalitatea altitudinal\u0103 a fe\u0163ei nordice a masivului, marcat\u0103 distinct de flora paji\u015ftilor alpine \u015fi de cea a vegeta\u0163iei lemnoase \u2013 jneap\u0103n, ienup\u0103r, afin.<\/p>\n<div class=\"fusion-title title sep-underline sep-dotted\">\n<h6 class=\"title-heading-left\">FAUNA<\/h6>\n<\/div>\n<p>Fauna prezent\u0103 \u00een spa\u0163iul Parcului Natural este, \u00een zona crestei \u00eenalte, marcat\u0103 frecvent de acvifauna caracteristic\u0103 \u00eentregului masiv \u015fi din care nu lipsesc c\u00e2teva variet\u0103\u0163i de \u015foim, v\u00e2nturel, gai\u0163\u0103 de munte \u2013 nucifraga caryocatactes, ierunca \u2013 Trestates bonasia, forfecu\u0163a \u2013 Loxia \u015f.a.<\/p>\n<p>\u00cen aceast\u0103 zon\u0103 urc\u0103 frecvent \u00een timpul lunilor de var\u0103 capra neagr\u0103, cu efective notabile mai ales \u00een c\u0103ld\u0103rile izolate \u015fi neparcurse de poteci turistice (Arp\u0103\u015fel, Albota, Laita). Vulpea, ursul \u015fi lupul ating doar ocazional zona de peste 2000-2100 m, dar sunt o prezen\u0163\u0103 permanent\u0103 \u00een avalul acesteia, ca \u015fi cerbul, r\u00e2sul \u015fi, \u00een limita p\u0103durilor, jderul, mistre\u0163ul, c\u0103priorul.<\/p>\n<p>Din arealul celor 6.989 ha ale Parcului Natural al Mun\u0163ilor F\u0103g\u0103ra\u015f fac parte \u015fi Rezerva\u0163ia faunistic\u0103 Arp\u0103\u015fel \u00een suprafa\u0163\u0103 de 736 ha \u015fi Rezerva\u0163ia \u2013 Lacul \u015fi golul alpin <a href=\"https:\/\/www.balea.ro\" title=\"Balea\">B\u00e2lea<\/a> de 180 ha.<\/p>\n","protected":false},"excerpt":{"rendered":"<p>Parcul Natural \u2018Golul alpin F\u0103g\u0103ra\u0219\u2019 AMPLASARE Arealul celor 6.989 ha ale parcului se afl\u0103 pe fa\u0163a nordic\u0103 a masivului, ocup\u00e2nd o parte din sectorul glaciar central al masivului f\u0103g\u0103r\u0103\u015fan. LIMITELE PARCULUI NATURAL Golul alpin al Mun\u0163ilor F\u0103g\u0103ra\u015f \u2013 se desf\u0103\u015foar\u0103 \u00eentre v\u00e2rfurile Podragu \u2013 Suru \u015fi sunt conturate: la sud de creasta somital\u0103 a masivului, [&hellip;]<\/p>\n","protected":false},"author":1,"featured_media":0,"parent":1072,"menu_order":0,"comment_status":"closed","ping_status":"closed","template":"","meta":{"footnotes":""},"class_list":["post-1078","page","type-page","status-publish","hentry"],"yoast_head":"<!-- This site is optimized with the Yoast SEO Premium plugin v26.3 (Yoast SEO v27.5) - https:\/\/yoast.com\/product\/yoast-seo-premium-wordpress\/ -->\n<title>Natural Park &#8211; 2X2 Race \u2022 Ultra Sky Marathon<\/title>\n<meta name=\"robots\" content=\"index, follow, max-snippet:-1, max-image-preview:large, max-video-preview:-1\" \/>\n<link rel=\"canonical\" href=\"https:\/\/www.2x2race.ro\/en\/info\/natural-park\/\" \/>\n<meta property=\"og:locale\" content=\"en_US\" \/>\n<meta property=\"og:type\" content=\"article\" \/>\n<meta property=\"og:title\" content=\"Natural Park\" \/>\n<meta property=\"og:description\" content=\"Parcul Natural \u2018Golul alpin F\u0103g\u0103ra\u0219\u2019 AMPLASARE Arealul celor 6.989 ha ale parcului se afl\u0103 pe fa\u0163a nordic\u0103 a masivului, ocup\u00e2nd o parte din sectorul glaciar central al masivului f\u0103g\u0103r\u0103\u015fan. LIMITELE PARCULUI NATURAL Golul alpin al Mun\u0163ilor F\u0103g\u0103ra\u015f \u2013 se desf\u0103\u015foar\u0103 \u00eentre v\u00e2rfurile Podragu \u2013 Suru \u015fi sunt conturate: la sud de creasta somital\u0103 a masivului, [&hellip;]\" \/>\n<meta property=\"og:url\" content=\"https:\/\/www.2x2race.ro\/en\/info\/natural-park\/\" \/>\n<meta property=\"og:site_name\" content=\"2X2 Race \u2022 Ultra Sky Marathon\" \/>\n<meta property=\"article:publisher\" content=\"https:\/\/www.facebook.com\/2x2Race\/\" \/>\n<meta property=\"article:modified_time\" content=\"2019-10-19T13:24:38+00:00\" \/>\n<meta name=\"twitter:card\" content=\"summary_large_image\" \/>\n<meta name=\"twitter:label1\" content=\"Est. reading time\" \/>\n\t<meta name=\"twitter:data1\" content=\"3 minutes\" \/>\n<script type=\"application\/ld+json\" class=\"yoast-schema-graph\">{\"@context\":\"https:\\\/\\\/schema.org\",\"@graph\":[{\"@type\":\"WebPage\",\"@id\":\"https:\\\/\\\/www.2x2race.ro\\\/en\\\/info\\\/natural-park\\\/\",\"url\":\"https:\\\/\\\/www.2x2race.ro\\\/en\\\/info\\\/natural-park\\\/\",\"name\":\"Natural Park &#8211; 2X2 Race \u2022 Ultra Sky Marathon\",\"isPartOf\":{\"@id\":\"https:\\\/\\\/www.2x2race.ro\\\/en\\\/#website\"},\"datePublished\":\"2019-02-27T10:49:37+00:00\",\"dateModified\":\"2019-10-19T13:24:38+00:00\",\"breadcrumb\":{\"@id\":\"https:\\\/\\\/www.2x2race.ro\\\/en\\\/info\\\/natural-park\\\/#breadcrumb\"},\"inLanguage\":\"en-US\",\"potentialAction\":[{\"@type\":\"ReadAction\",\"target\":[\"https:\\\/\\\/www.2x2race.ro\\\/en\\\/info\\\/natural-park\\\/\"]}]},{\"@type\":\"BreadcrumbList\",\"@id\":\"https:\\\/\\\/www.2x2race.ro\\\/en\\\/info\\\/natural-park\\\/#breadcrumb\",\"itemListElement\":[{\"@type\":\"ListItem\",\"position\":1,\"name\":\"Prima pagin\u0103\",\"item\":\"https:\\\/\\\/www.2x2race.ro\\\/en\\\/\"},{\"@type\":\"ListItem\",\"position\":2,\"name\":\"Information\",\"item\":\"https:\\\/\\\/www.2x2race.ro\\\/en\\\/info\\\/\"},{\"@type\":\"ListItem\",\"position\":3,\"name\":\"Natural Park\"}]},{\"@type\":\"WebSite\",\"@id\":\"https:\\\/\\\/www.2x2race.ro\\\/en\\\/#website\",\"url\":\"https:\\\/\\\/www.2x2race.ro\\\/en\\\/\",\"name\":\"2X2 Race &bull; Ultra Sky Marathon\",\"description\":\"\",\"publisher\":{\"@id\":\"https:\\\/\\\/www.2x2race.ro\\\/en\\\/#organization\"},\"potentialAction\":[{\"@type\":\"SearchAction\",\"target\":{\"@type\":\"EntryPoint\",\"urlTemplate\":\"https:\\\/\\\/www.2x2race.ro\\\/en\\\/?s={search_term_string}\"},\"query-input\":{\"@type\":\"PropertyValueSpecification\",\"valueRequired\":true,\"valueName\":\"search_term_string\"}}],\"inLanguage\":\"en-US\"},{\"@type\":\"Organization\",\"@id\":\"https:\\\/\\\/www.2x2race.ro\\\/en\\\/#organization\",\"name\":\"2X2 Race\",\"url\":\"https:\\\/\\\/www.2x2race.ro\\\/en\\\/\",\"logo\":{\"@type\":\"ImageObject\",\"inLanguage\":\"en-US\",\"@id\":\"https:\\\/\\\/www.2x2race.ro\\\/en\\\/#\\\/schema\\\/logo\\\/image\\\/\",\"url\":\"https:\\\/\\\/www.2x2race.ro\\\/media\\\/logo.png\",\"contentUrl\":\"https:\\\/\\\/www.2x2race.ro\\\/media\\\/logo.png\",\"width\":100,\"height\":107,\"caption\":\"2X2 Race\"},\"image\":{\"@id\":\"https:\\\/\\\/www.2x2race.ro\\\/en\\\/#\\\/schema\\\/logo\\\/image\\\/\"},\"sameAs\":[\"https:\\\/\\\/www.facebook.com\\\/2x2Race\\\/\",\"https:\\\/\\\/www.instagram.com\\\/2x2Race\\\/\"]}]}<\/script>\n<!-- \/ Yoast SEO Premium plugin. -->","yoast_head_json":{"title":"Natural Park &#8211; 2X2 Race \u2022 Ultra Sky Marathon","robots":{"index":"index","follow":"follow","max-snippet":"max-snippet:-1","max-image-preview":"max-image-preview:large","max-video-preview":"max-video-preview:-1"},"canonical":"https:\/\/www.2x2race.ro\/en\/info\/natural-park\/","og_locale":"en_US","og_type":"article","og_title":"Natural Park","og_description":"Parcul Natural \u2018Golul alpin F\u0103g\u0103ra\u0219\u2019 AMPLASARE Arealul celor 6.989 ha ale parcului se afl\u0103 pe fa\u0163a nordic\u0103 a masivului, ocup\u00e2nd o parte din sectorul glaciar central al masivului f\u0103g\u0103r\u0103\u015fan. LIMITELE PARCULUI NATURAL Golul alpin al Mun\u0163ilor F\u0103g\u0103ra\u015f \u2013 se desf\u0103\u015foar\u0103 \u00eentre v\u00e2rfurile Podragu \u2013 Suru \u015fi sunt conturate: la sud de creasta somital\u0103 a masivului, [&hellip;]","og_url":"https:\/\/www.2x2race.ro\/en\/info\/natural-park\/","og_site_name":"2X2 Race \u2022 Ultra Sky Marathon","article_publisher":"https:\/\/www.facebook.com\/2x2Race\/","article_modified_time":"2019-10-19T13:24:38+00:00","twitter_card":"summary_large_image","twitter_misc":{"Est. reading time":"3 minutes"},"schema":{"@context":"https:\/\/schema.org","@graph":[{"@type":"WebPage","@id":"https:\/\/www.2x2race.ro\/en\/info\/natural-park\/","url":"https:\/\/www.2x2race.ro\/en\/info\/natural-park\/","name":"Natural Park &#8211; 2X2 Race \u2022 Ultra Sky Marathon","isPartOf":{"@id":"https:\/\/www.2x2race.ro\/en\/#website"},"datePublished":"2019-02-27T10:49:37+00:00","dateModified":"2019-10-19T13:24:38+00:00","breadcrumb":{"@id":"https:\/\/www.2x2race.ro\/en\/info\/natural-park\/#breadcrumb"},"inLanguage":"en-US","potentialAction":[{"@type":"ReadAction","target":["https:\/\/www.2x2race.ro\/en\/info\/natural-park\/"]}]},{"@type":"BreadcrumbList","@id":"https:\/\/www.2x2race.ro\/en\/info\/natural-park\/#breadcrumb","itemListElement":[{"@type":"ListItem","position":1,"name":"Prima pagin\u0103","item":"https:\/\/www.2x2race.ro\/en\/"},{"@type":"ListItem","position":2,"name":"Information","item":"https:\/\/www.2x2race.ro\/en\/info\/"},{"@type":"ListItem","position":3,"name":"Natural Park"}]},{"@type":"WebSite","@id":"https:\/\/www.2x2race.ro\/en\/#website","url":"https:\/\/www.2x2race.ro\/en\/","name":"2X2 Race &bull; Ultra Sky Marathon","description":"","publisher":{"@id":"https:\/\/www.2x2race.ro\/en\/#organization"},"potentialAction":[{"@type":"SearchAction","target":{"@type":"EntryPoint","urlTemplate":"https:\/\/www.2x2race.ro\/en\/?s={search_term_string}"},"query-input":{"@type":"PropertyValueSpecification","valueRequired":true,"valueName":"search_term_string"}}],"inLanguage":"en-US"},{"@type":"Organization","@id":"https:\/\/www.2x2race.ro\/en\/#organization","name":"2X2 Race","url":"https:\/\/www.2x2race.ro\/en\/","logo":{"@type":"ImageObject","inLanguage":"en-US","@id":"https:\/\/www.2x2race.ro\/en\/#\/schema\/logo\/image\/","url":"https:\/\/www.2x2race.ro\/media\/logo.png","contentUrl":"https:\/\/www.2x2race.ro\/media\/logo.png","width":100,"height":107,"caption":"2X2 Race"},"image":{"@id":"https:\/\/www.2x2race.ro\/en\/#\/schema\/logo\/image\/"},"sameAs":["https:\/\/www.facebook.com\/2x2Race\/","https:\/\/www.instagram.com\/2x2Race\/"]}]}},"_links":{"self":[{"href":"https:\/\/www.2x2race.ro\/en\/wp-json\/wp\/v2\/pages\/1078","targetHints":{"allow":["GET"]}}],"collection":[{"href":"https:\/\/www.2x2race.ro\/en\/wp-json\/wp\/v2\/pages"}],"about":[{"href":"https:\/\/www.2x2race.ro\/en\/wp-json\/wp\/v2\/types\/page"}],"author":[{"embeddable":true,"href":"https:\/\/www.2x2race.ro\/en\/wp-json\/wp\/v2\/users\/1"}],"replies":[{"embeddable":true,"href":"https:\/\/www.2x2race.ro\/en\/wp-json\/wp\/v2\/comments?post=1078"}],"version-history":[{"count":0,"href":"https:\/\/www.2x2race.ro\/en\/wp-json\/wp\/v2\/pages\/1078\/revisions"}],"up":[{"embeddable":true,"href":"https:\/\/www.2x2race.ro\/en\/wp-json\/wp\/v2\/pages\/1072"}],"wp:attachment":[{"href":"https:\/\/www.2x2race.ro\/en\/wp-json\/wp\/v2\/media?parent=1078"}],"curies":[{"name":"wp","href":"https:\/\/api.w.org\/{rel}","templated":true}]}}