{"id":82023,"date":"2021-08-22T20:39:03","date_gmt":"2021-08-22T18:39:03","guid":{"rendered":"https:\/\/www.2x2race.ro\/reclamatii\/"},"modified":"2024-02-05T22:54:39","modified_gmt":"2024-02-05T20:54:39","slug":"complaints","status":"publish","type":"page","link":"https:\/\/www.2x2race.ro\/en\/complaints\/","title":{"rendered":"Complaints"},"content":{"rendered":"<p>Dragi participan\u021bi \u0219i iubitori ai alerg\u0103rii montane,<\/p>\n<p>La 2X2 RACE ULTRA SKY MARATHON, ne dedic\u0103m s\u0103 oferim o experien\u021b\u0103 excep\u021bional\u0103 \u0219i sigur\u0103 pentru to\u021bi alerg\u0103torii \u0219i suporterii lor. \u00cen\u021belegem, \u00eens\u0103, c\u0103 pot exista momente c\u00e2nd experien\u021ba dumneavoastr\u0103 nu corespunde a\u0219tept\u0103rilor. Dac\u0103 a\u021bi \u00eent\u00e2mpinat probleme sau ave\u021bi nel\u0103muriri legate de cursa noastr\u0103, v\u0103 invit\u0103m s\u0103 ne contacta\u021bi prin email la <a href=\"mailto:contact@2x2race.ro\">contact@2x2race.ro<\/a> folosind modelul de mai jos:<\/p>\n<h5><u>Cum s\u0103 depune\u021bi o reclama\u021bie<\/u>:<\/h5>\n<p><em>Descrie\u021bi clar problema<\/em>: Specifica\u021bi detaliat problema \u00eent\u00e2mpinat\u0103, incluz\u00e2nd data, locul \u0219i orice alte detalii relevante.<\/p>\n<p><em>Informa\u021bii de Contact<\/em>: L\u0103sa\u021bi-ne numele dumneavoastr\u0103 complet, adresa de e-mail \u0219i, dac\u0103 este posibil, un num\u0103r de telefon pentru a putea s\u0103 v\u0103 contact\u0103m pentru clarific\u0103ri sau solu\u021bii.<\/p>\n<p><em>A\u0219tept\u0103rile Dumneavoastr\u0103<\/em>: Spune\u021bi-ne ce anume considera\u021bi c\u0103 ar fi o rezolvare just\u0103 a situa\u021biei.<\/p>\n<p><em>Anexa\u021bi Dovezi<\/em>: Dac\u0103 este cazul, ata\u0219a\u021bi fotografii, \u00eenregistr\u0103ri video sau orice alte dovezi care pot sus\u021bine reclama\u021bia dumneavoastr\u0103.<\/p>\n<h5><u>Procesul nostru de gestionare a reclama\u021biilor<\/u>:<\/h5>\n<p><em>Confirmarea Primirii<\/em>: Vom confirma primirea reclama\u021biei dumneavoastr\u0103 \u00een termen de 48 de ore.<\/p>\n<p><em>Analiz\u0103<\/em>: Echipa noastr\u0103 va analiza cazul \u0219i poate lua leg\u0103tura cu dumneavoastr\u0103 pentru detalii suplimentare.<\/p>\n<p><em>Rezolvare<\/em>: V\u0103 vom comunica rezultatul investiga\u021biei \u0219i pa\u0219ii urma\u021bi pentru rezolvarea problemei \u00een cel mult 14 zile lucr\u0103toare.<\/p>\n<p>Ne angaj\u0103m s\u0103 trat\u0103m toate reclama\u021biile cu seriozitate \u0219i transparen\u021b\u0103, c\u0103ut\u00e2nd \u00een permanen\u021b\u0103 s\u0103 \u00eembun\u0103t\u0103\u021bim experien\u021ba oferit\u0103 de cursa noastr\u0103 montan\u0103.<\/p>\n<p>&nbsp;<\/p>\n<p>V\u0103 mul\u021bumim pentru \u00eencredere \u0219i pentru ajutorul dumneavoastr\u0103 \u00een cre\u0219terea calit\u0103\u021bii evenimentului nostru!<\/p>\n<p>Cu respect,<br \/>\nEchipa 2X2 RACE ULTRA SKY MARATHON<\/p>\n","protected":false},"excerpt":{"rendered":"<p>Dragi participan\u021bi \u0219i iubitori ai alerg\u0103rii montane, La 2X2 RACE ULTRA SKY MARATHON, ne dedic\u0103m s\u0103 oferim o experien\u021b\u0103 excep\u021bional\u0103 \u0219i sigur\u0103 pentru to\u021bi alerg\u0103torii \u0219i suporterii lor. \u00cen\u021belegem, \u00eens\u0103, c\u0103 pot exista momente c\u00e2nd experien\u021ba dumneavoastr\u0103 nu corespunde a\u0219tept\u0103rilor. Dac\u0103 a\u021bi \u00eent\u00e2mpinat probleme sau ave\u021bi nel\u0103muriri legate de cursa noastr\u0103, v\u0103 invit\u0103m s\u0103 ne [&hellip;]<\/p>\n","protected":false},"author":1,"featured_media":0,"parent":0,"menu_order":0,"comment_status":"closed","ping_status":"closed","template":"","meta":{"footnotes":""},"class_list":["post-82023","page","type-page","status-publish","hentry"],"yoast_head":"<!-- This site is optimized with the Yoast SEO Premium plugin v26.3 (Yoast SEO v27.1.1) - https:\/\/yoast.com\/product\/yoast-seo-premium-wordpress\/ -->\n<title>Complaints &#8211; 2X2 Race \u2022 Ultra Sky Marathon<\/title>\n<meta name=\"robots\" content=\"index, follow, max-snippet:-1, max-image-preview:large, max-video-preview:-1\" \/>\n<link rel=\"canonical\" href=\"https:\/\/www.2x2race.ro\/en\/complaints\/\" \/>\n<meta property=\"og:locale\" content=\"en_US\" \/>\n<meta property=\"og:type\" content=\"article\" \/>\n<meta property=\"og:title\" content=\"Complaints\" \/>\n<meta property=\"og:description\" content=\"Dragi participan\u021bi \u0219i iubitori ai alerg\u0103rii montane, La 2X2 RACE ULTRA SKY MARATHON, ne dedic\u0103m s\u0103 oferim o experien\u021b\u0103 excep\u021bional\u0103 \u0219i sigur\u0103 pentru to\u021bi alerg\u0103torii \u0219i suporterii lor. \u00cen\u021belegem, \u00eens\u0103, c\u0103 pot exista momente c\u00e2nd experien\u021ba dumneavoastr\u0103 nu corespunde a\u0219tept\u0103rilor. Dac\u0103 a\u021bi \u00eent\u00e2mpinat probleme sau ave\u021bi nel\u0103muriri legate de cursa noastr\u0103, v\u0103 invit\u0103m s\u0103 ne [&hellip;]\" \/>\n<meta property=\"og:url\" content=\"https:\/\/www.2x2race.ro\/en\/complaints\/\" \/>\n<meta property=\"og:site_name\" content=\"2X2 Race \u2022 Ultra Sky Marathon\" \/>\n<meta property=\"article:publisher\" content=\"https:\/\/www.facebook.com\/2x2Race\/\" \/>\n<meta property=\"article:modified_time\" content=\"2024-02-05T20:54:39+00:00\" \/>\n<meta name=\"twitter:card\" content=\"summary_large_image\" \/>\n<meta name=\"twitter:label1\" content=\"Est. reading time\" \/>\n\t<meta name=\"twitter:data1\" content=\"4 minutes\" \/>\n<script type=\"application\/ld+json\" class=\"yoast-schema-graph\">{\"@context\":\"https:\/\/schema.org\",\"@graph\":[{\"@type\":\"WebPage\",\"@id\":\"https:\/\/www.2x2race.ro\/en\/complaints\/\",\"url\":\"https:\/\/www.2x2race.ro\/en\/complaints\/\",\"name\":\"Complaints &#8211; 2X2 Race \u2022 Ultra Sky Marathon\",\"isPartOf\":{\"@id\":\"https:\/\/www.2x2race.ro\/en\/#website\"},\"datePublished\":\"2021-08-22T18:39:03+00:00\",\"dateModified\":\"2024-02-05T20:54:39+00:00\",\"breadcrumb\":{\"@id\":\"https:\/\/www.2x2race.ro\/en\/complaints\/#breadcrumb\"},\"inLanguage\":\"en-US\",\"potentialAction\":[{\"@type\":\"ReadAction\",\"target\":[\"https:\/\/www.2x2race.ro\/en\/complaints\/\"]}]},{\"@type\":\"BreadcrumbList\",\"@id\":\"https:\/\/www.2x2race.ro\/en\/complaints\/#breadcrumb\",\"itemListElement\":[{\"@type\":\"ListItem\",\"position\":1,\"name\":\"Prima pagin\u0103\",\"item\":\"https:\/\/www.2x2race.ro\/en\/\"},{\"@type\":\"ListItem\",\"position\":2,\"name\":\"Complaints\"}]},{\"@type\":\"WebSite\",\"@id\":\"https:\/\/www.2x2race.ro\/en\/#website\",\"url\":\"https:\/\/www.2x2race.ro\/en\/\",\"name\":\"2X2 Race &bull; Ultra Sky Marathon\",\"description\":\"\",\"publisher\":{\"@id\":\"https:\/\/www.2x2race.ro\/en\/#organization\"},\"potentialAction\":[{\"@type\":\"SearchAction\",\"target\":{\"@type\":\"EntryPoint\",\"urlTemplate\":\"https:\/\/www.2x2race.ro\/en\/?s={search_term_string}\"},\"query-input\":{\"@type\":\"PropertyValueSpecification\",\"valueRequired\":true,\"valueName\":\"search_term_string\"}}],\"inLanguage\":\"en-US\"},{\"@type\":\"Organization\",\"@id\":\"https:\/\/www.2x2race.ro\/en\/#organization\",\"name\":\"2X2 Race\",\"url\":\"https:\/\/www.2x2race.ro\/en\/\",\"logo\":{\"@type\":\"ImageObject\",\"inLanguage\":\"en-US\",\"@id\":\"https:\/\/www.2x2race.ro\/en\/#\/schema\/logo\/image\/\",\"url\":\"https:\/\/www.2x2race.ro\/media\/logo.png\",\"contentUrl\":\"https:\/\/www.2x2race.ro\/media\/logo.png\",\"width\":100,\"height\":107,\"caption\":\"2X2 Race\"},\"image\":{\"@id\":\"https:\/\/www.2x2race.ro\/en\/#\/schema\/logo\/image\/\"},\"sameAs\":[\"https:\/\/www.facebook.com\/2x2Race\/\",\"https:\/\/www.instagram.com\/2x2Race\/\"]}]}<\/script>\n<!-- \/ Yoast SEO Premium plugin. -->","yoast_head_json":{"title":"Complaints &#8211; 2X2 Race \u2022 Ultra Sky Marathon","robots":{"index":"index","follow":"follow","max-snippet":"max-snippet:-1","max-image-preview":"max-image-preview:large","max-video-preview":"max-video-preview:-1"},"canonical":"https:\/\/www.2x2race.ro\/en\/complaints\/","og_locale":"en_US","og_type":"article","og_title":"Complaints","og_description":"Dragi participan\u021bi \u0219i iubitori ai alerg\u0103rii montane, La 2X2 RACE ULTRA SKY MARATHON, ne dedic\u0103m s\u0103 oferim o experien\u021b\u0103 excep\u021bional\u0103 \u0219i sigur\u0103 pentru to\u021bi alerg\u0103torii \u0219i suporterii lor. \u00cen\u021belegem, \u00eens\u0103, c\u0103 pot exista momente c\u00e2nd experien\u021ba dumneavoastr\u0103 nu corespunde a\u0219tept\u0103rilor. Dac\u0103 a\u021bi \u00eent\u00e2mpinat probleme sau ave\u021bi nel\u0103muriri legate de cursa noastr\u0103, v\u0103 invit\u0103m s\u0103 ne [&hellip;]","og_url":"https:\/\/www.2x2race.ro\/en\/complaints\/","og_site_name":"2X2 Race \u2022 Ultra Sky Marathon","article_publisher":"https:\/\/www.facebook.com\/2x2Race\/","article_modified_time":"2024-02-05T20:54:39+00:00","twitter_card":"summary_large_image","twitter_misc":{"Est. reading time":"4 minutes"},"schema":{"@context":"https:\/\/schema.org","@graph":[{"@type":"WebPage","@id":"https:\/\/www.2x2race.ro\/en\/complaints\/","url":"https:\/\/www.2x2race.ro\/en\/complaints\/","name":"Complaints &#8211; 2X2 Race \u2022 Ultra Sky Marathon","isPartOf":{"@id":"https:\/\/www.2x2race.ro\/en\/#website"},"datePublished":"2021-08-22T18:39:03+00:00","dateModified":"2024-02-05T20:54:39+00:00","breadcrumb":{"@id":"https:\/\/www.2x2race.ro\/en\/complaints\/#breadcrumb"},"inLanguage":"en-US","potentialAction":[{"@type":"ReadAction","target":["https:\/\/www.2x2race.ro\/en\/complaints\/"]}]},{"@type":"BreadcrumbList","@id":"https:\/\/www.2x2race.ro\/en\/complaints\/#breadcrumb","itemListElement":[{"@type":"ListItem","position":1,"name":"Prima pagin\u0103","item":"https:\/\/www.2x2race.ro\/en\/"},{"@type":"ListItem","position":2,"name":"Complaints"}]},{"@type":"WebSite","@id":"https:\/\/www.2x2race.ro\/en\/#website","url":"https:\/\/www.2x2race.ro\/en\/","name":"2X2 Race &bull; Ultra Sky Marathon","description":"","publisher":{"@id":"https:\/\/www.2x2race.ro\/en\/#organization"},"potentialAction":[{"@type":"SearchAction","target":{"@type":"EntryPoint","urlTemplate":"https:\/\/www.2x2race.ro\/en\/?s={search_term_string}"},"query-input":{"@type":"PropertyValueSpecification","valueRequired":true,"valueName":"search_term_string"}}],"inLanguage":"en-US"},{"@type":"Organization","@id":"https:\/\/www.2x2race.ro\/en\/#organization","name":"2X2 Race","url":"https:\/\/www.2x2race.ro\/en\/","logo":{"@type":"ImageObject","inLanguage":"en-US","@id":"https:\/\/www.2x2race.ro\/en\/#\/schema\/logo\/image\/","url":"https:\/\/www.2x2race.ro\/media\/logo.png","contentUrl":"https:\/\/www.2x2race.ro\/media\/logo.png","width":100,"height":107,"caption":"2X2 Race"},"image":{"@id":"https:\/\/www.2x2race.ro\/en\/#\/schema\/logo\/image\/"},"sameAs":["https:\/\/www.facebook.com\/2x2Race\/","https:\/\/www.instagram.com\/2x2Race\/"]}]}},"_links":{"self":[{"href":"https:\/\/www.2x2race.ro\/en\/wp-json\/wp\/v2\/pages\/82023","targetHints":{"allow":["GET"]}}],"collection":[{"href":"https:\/\/www.2x2race.ro\/en\/wp-json\/wp\/v2\/pages"}],"about":[{"href":"https:\/\/www.2x2race.ro\/en\/wp-json\/wp\/v2\/types\/page"}],"author":[{"embeddable":true,"href":"https:\/\/www.2x2race.ro\/en\/wp-json\/wp\/v2\/users\/1"}],"replies":[{"embeddable":true,"href":"https:\/\/www.2x2race.ro\/en\/wp-json\/wp\/v2\/comments?post=82023"}],"version-history":[{"count":0,"href":"https:\/\/www.2x2race.ro\/en\/wp-json\/wp\/v2\/pages\/82023\/revisions"}],"wp:attachment":[{"href":"https:\/\/www.2x2race.ro\/en\/wp-json\/wp\/v2\/media?parent=82023"}],"curies":[{"name":"wp","href":"https:\/\/api.w.org\/{rel}","templated":true}]}}