{"id":82045,"date":"2024-02-05T22:48:33","date_gmt":"2024-02-05T20:48:33","guid":{"rendered":"https:\/\/www.2x2race.ro\/rambursari-anulari\/"},"modified":"2024-02-05T22:52:28","modified_gmt":"2024-02-05T20:52:28","slug":"refunds","status":"publish","type":"page","link":"https:\/\/www.2x2race.ro\/en\/refunds\/","title":{"rendered":"Refunds and cancellations policy"},"content":{"rendered":"<p>Stima\u021bi participan\u021bi la 2X2 RACE ULTRA SKY MARATHON,<\/p>\n<p>La 2X2 RACE ULTRA SKY MARATHON, \u00een\u021belegem c\u0103 uneori circumstan\u021bele nea\u0219teptate pot afecta capacitatea dumneavoastr\u0103 de a participa la curs\u0103. Politica noastr\u0103 de rambursare este conceput\u0103 pentru a fi echitabil\u0103, respect\u00e2nd \u00een acela\u0219i timp angajamentul ferm pe care \u00eel presupune \u00eenscrierea la competi\u021bie.<\/p>\n<h4><u>Condi\u021bii pentru Rambursare<\/u>:<\/h4>\n<p>Ramburs\u0103rile sunt acordate exclusiv \u00een situa\u021bii excep\u021bionale, cum ar fi accidentarea \u00eenaintea cursei care duce la incapacitatea de a participa. Pentru a procesa o cerere de rambursare, trebuie s\u0103 urma\u021bi urm\u0103torii pa\u0219i:<\/p>\n<p><em>Dovada Accident\u0103rii<\/em>: Este necesar s\u0103 furniza\u021bi o dovad\u0103 medical\u0103 oficial\u0103 care confirm\u0103 accidentarea \u0219i incapacitatea de a alerga la data evenimentului.<\/p>\n<p><em>Notificare Timpurie<\/em>: Cererea de rambursare trebuie s\u0103 fie \u00eenaintat\u0103 cu cel pu\u021bin 5 zile \u00eenainte de data cursei.<\/p>\n<p><em>Email de Rambursare<\/em>: Trimite\u021bi un email cu subiectul \u201drambursare\u201d \u00een care s\u0103 furniza\u021bi toate elementele necesare \u00een vederea ob\u021binerii ramburs\u0103rii.<\/p>\n<h4><u>Raportarea \u00censcrierii pentru Edi\u021bia Urm\u0103toare:<\/u><\/h4>\n<p>\u00cen cazuri excep\u021bionale, oferim posibilitatea de a raporta \u00eenscrierea pentru edi\u021bia urm\u0103toare a cursei. Aceast\u0103 op\u021biune este supus\u0103 urm\u0103toarelor condi\u021bii:<\/p>\n<p><em>Cerere \u00een Termen<\/em>: Cererea de raportare trebuie \u00eenaintat\u0103 cu 20 zile \u00eenainte de eveniment.<\/p>\n<p><em>\u00cendeplinirea Cerin\u021belor de Participare<\/em>: Participan\u021bii trebuie s\u0103 \u00eendeplineasc\u0103 toate cerin\u021bele de participare conform regulamentului general al competi\u021biei pentru edi\u021bia urm\u0103toare.<\/p>\n<h4><u>Important de Re\u021binut<\/u>:<\/h4>\n<p>\u00censcrierea la cursele din cadrul evenimentului 2X2 RACE ULTRA SKY MARATHON reprezint\u0103 un angajament ferm de participare. Prin urmare, \u00een afara cazurilor excep\u021bionale men\u021bionate mai sus, taxele de \u00eenscriere nu sunt rambursabile \u0219i nu pot fi transferate pentru edi\u021bii viitoare.<\/p>\n<p>Orice cerere de rambursare sau raportare este supus\u0103 unei analize detaliate de c\u0103tre organizatori.<\/p>\n<p>V\u0103 mul\u021bumim pentru \u00een\u021belegere \u0219i cooperare. Ne angaj\u0103m s\u0103 oferim o experien\u021b\u0103 de neuitat tuturor participan\u021bilor \u0219i ne dorim s\u0103 ave\u021bi parte de o participare sigur\u0103 \u0219i pl\u0103cut\u0103 la 2X2 RACE ULTRA SKY MARATHON.<\/p>\n<p>&nbsp;<\/p>\n<p>Cu respect,<br \/>\nEchipa 2X2 RACE ULTRA SKY MARATHON<\/p>\n","protected":false},"excerpt":{"rendered":"<p>Stima\u021bi participan\u021bi la 2X2 RACE ULTRA SKY MARATHON, La 2X2 RACE ULTRA SKY MARATHON, \u00een\u021belegem c\u0103 uneori circumstan\u021bele nea\u0219teptate pot afecta capacitatea dumneavoastr\u0103 de a participa la curs\u0103. Politica noastr\u0103 de rambursare este conceput\u0103 pentru a fi echitabil\u0103, respect\u00e2nd \u00een acela\u0219i timp angajamentul ferm pe care \u00eel presupune \u00eenscrierea la competi\u021bie. Condi\u021bii pentru Rambursare: Ramburs\u0103rile [&hellip;]<\/p>\n","protected":false},"author":1,"featured_media":0,"parent":0,"menu_order":0,"comment_status":"closed","ping_status":"closed","template":"","meta":{"footnotes":""},"class_list":["post-82045","page","type-page","status-publish","hentry"],"yoast_head":"<!-- This site is optimized with the Yoast SEO Premium plugin v26.3 (Yoast SEO v27.1.1) - https:\/\/yoast.com\/product\/yoast-seo-premium-wordpress\/ -->\n<title>Refunds and cancellations policy &#8211; 2X2 Race \u2022 Ultra Sky Marathon<\/title>\n<meta name=\"robots\" content=\"index, follow, max-snippet:-1, max-image-preview:large, max-video-preview:-1\" \/>\n<link rel=\"canonical\" href=\"https:\/\/www.2x2race.ro\/en\/refunds\/\" \/>\n<meta property=\"og:locale\" content=\"en_US\" \/>\n<meta property=\"og:type\" content=\"article\" \/>\n<meta property=\"og:title\" content=\"Refunds and cancellations policy\" \/>\n<meta property=\"og:description\" content=\"Stima\u021bi participan\u021bi la 2X2 RACE ULTRA SKY MARATHON, La 2X2 RACE ULTRA SKY MARATHON, \u00een\u021belegem c\u0103 uneori circumstan\u021bele nea\u0219teptate pot afecta capacitatea dumneavoastr\u0103 de a participa la curs\u0103. Politica noastr\u0103 de rambursare este conceput\u0103 pentru a fi echitabil\u0103, respect\u00e2nd \u00een acela\u0219i timp angajamentul ferm pe care \u00eel presupune \u00eenscrierea la competi\u021bie. Condi\u021bii pentru Rambursare: Ramburs\u0103rile [&hellip;]\" \/>\n<meta property=\"og:url\" content=\"https:\/\/www.2x2race.ro\/en\/refunds\/\" \/>\n<meta property=\"og:site_name\" content=\"2X2 Race \u2022 Ultra Sky Marathon\" \/>\n<meta property=\"article:publisher\" content=\"https:\/\/www.facebook.com\/2x2Race\/\" \/>\n<meta property=\"article:modified_time\" content=\"2024-02-05T20:52:28+00:00\" \/>\n<meta name=\"twitter:card\" content=\"summary_large_image\" \/>\n<meta name=\"twitter:label1\" content=\"Est. reading time\" \/>\n\t<meta name=\"twitter:data1\" content=\"2 minutes\" \/>\n<script type=\"application\/ld+json\" class=\"yoast-schema-graph\">{\"@context\":\"https:\/\/schema.org\",\"@graph\":[{\"@type\":\"WebPage\",\"@id\":\"https:\/\/www.2x2race.ro\/en\/refunds\/\",\"url\":\"https:\/\/www.2x2race.ro\/en\/refunds\/\",\"name\":\"Refunds and cancellations policy &#8211; 2X2 Race \u2022 Ultra Sky Marathon\",\"isPartOf\":{\"@id\":\"https:\/\/www.2x2race.ro\/en\/#website\"},\"datePublished\":\"2024-02-05T20:48:33+00:00\",\"dateModified\":\"2024-02-05T20:52:28+00:00\",\"breadcrumb\":{\"@id\":\"https:\/\/www.2x2race.ro\/en\/refunds\/#breadcrumb\"},\"inLanguage\":\"en-US\",\"potentialAction\":[{\"@type\":\"ReadAction\",\"target\":[\"https:\/\/www.2x2race.ro\/en\/refunds\/\"]}]},{\"@type\":\"BreadcrumbList\",\"@id\":\"https:\/\/www.2x2race.ro\/en\/refunds\/#breadcrumb\",\"itemListElement\":[{\"@type\":\"ListItem\",\"position\":1,\"name\":\"Prima pagin\u0103\",\"item\":\"https:\/\/www.2x2race.ro\/en\/\"},{\"@type\":\"ListItem\",\"position\":2,\"name\":\"Refunds and cancellations policy\"}]},{\"@type\":\"WebSite\",\"@id\":\"https:\/\/www.2x2race.ro\/en\/#website\",\"url\":\"https:\/\/www.2x2race.ro\/en\/\",\"name\":\"2X2 Race &bull; Ultra Sky Marathon\",\"description\":\"\",\"publisher\":{\"@id\":\"https:\/\/www.2x2race.ro\/en\/#organization\"},\"potentialAction\":[{\"@type\":\"SearchAction\",\"target\":{\"@type\":\"EntryPoint\",\"urlTemplate\":\"https:\/\/www.2x2race.ro\/en\/?s={search_term_string}\"},\"query-input\":{\"@type\":\"PropertyValueSpecification\",\"valueRequired\":true,\"valueName\":\"search_term_string\"}}],\"inLanguage\":\"en-US\"},{\"@type\":\"Organization\",\"@id\":\"https:\/\/www.2x2race.ro\/en\/#organization\",\"name\":\"2X2 Race\",\"url\":\"https:\/\/www.2x2race.ro\/en\/\",\"logo\":{\"@type\":\"ImageObject\",\"inLanguage\":\"en-US\",\"@id\":\"https:\/\/www.2x2race.ro\/en\/#\/schema\/logo\/image\/\",\"url\":\"https:\/\/www.2x2race.ro\/media\/logo.png\",\"contentUrl\":\"https:\/\/www.2x2race.ro\/media\/logo.png\",\"width\":100,\"height\":107,\"caption\":\"2X2 Race\"},\"image\":{\"@id\":\"https:\/\/www.2x2race.ro\/en\/#\/schema\/logo\/image\/\"},\"sameAs\":[\"https:\/\/www.facebook.com\/2x2Race\/\",\"https:\/\/www.instagram.com\/2x2Race\/\"]}]}<\/script>\n<!-- \/ Yoast SEO Premium plugin. -->","yoast_head_json":{"title":"Refunds and cancellations policy &#8211; 2X2 Race \u2022 Ultra Sky Marathon","robots":{"index":"index","follow":"follow","max-snippet":"max-snippet:-1","max-image-preview":"max-image-preview:large","max-video-preview":"max-video-preview:-1"},"canonical":"https:\/\/www.2x2race.ro\/en\/refunds\/","og_locale":"en_US","og_type":"article","og_title":"Refunds and cancellations policy","og_description":"Stima\u021bi participan\u021bi la 2X2 RACE ULTRA SKY MARATHON, La 2X2 RACE ULTRA SKY MARATHON, \u00een\u021belegem c\u0103 uneori circumstan\u021bele nea\u0219teptate pot afecta capacitatea dumneavoastr\u0103 de a participa la curs\u0103. Politica noastr\u0103 de rambursare este conceput\u0103 pentru a fi echitabil\u0103, respect\u00e2nd \u00een acela\u0219i timp angajamentul ferm pe care \u00eel presupune \u00eenscrierea la competi\u021bie. Condi\u021bii pentru Rambursare: Ramburs\u0103rile [&hellip;]","og_url":"https:\/\/www.2x2race.ro\/en\/refunds\/","og_site_name":"2X2 Race \u2022 Ultra Sky Marathon","article_publisher":"https:\/\/www.facebook.com\/2x2Race\/","article_modified_time":"2024-02-05T20:52:28+00:00","twitter_card":"summary_large_image","twitter_misc":{"Est. reading time":"2 minutes"},"schema":{"@context":"https:\/\/schema.org","@graph":[{"@type":"WebPage","@id":"https:\/\/www.2x2race.ro\/en\/refunds\/","url":"https:\/\/www.2x2race.ro\/en\/refunds\/","name":"Refunds and cancellations policy &#8211; 2X2 Race \u2022 Ultra Sky Marathon","isPartOf":{"@id":"https:\/\/www.2x2race.ro\/en\/#website"},"datePublished":"2024-02-05T20:48:33+00:00","dateModified":"2024-02-05T20:52:28+00:00","breadcrumb":{"@id":"https:\/\/www.2x2race.ro\/en\/refunds\/#breadcrumb"},"inLanguage":"en-US","potentialAction":[{"@type":"ReadAction","target":["https:\/\/www.2x2race.ro\/en\/refunds\/"]}]},{"@type":"BreadcrumbList","@id":"https:\/\/www.2x2race.ro\/en\/refunds\/#breadcrumb","itemListElement":[{"@type":"ListItem","position":1,"name":"Prima pagin\u0103","item":"https:\/\/www.2x2race.ro\/en\/"},{"@type":"ListItem","position":2,"name":"Refunds and cancellations policy"}]},{"@type":"WebSite","@id":"https:\/\/www.2x2race.ro\/en\/#website","url":"https:\/\/www.2x2race.ro\/en\/","name":"2X2 Race &bull; Ultra Sky Marathon","description":"","publisher":{"@id":"https:\/\/www.2x2race.ro\/en\/#organization"},"potentialAction":[{"@type":"SearchAction","target":{"@type":"EntryPoint","urlTemplate":"https:\/\/www.2x2race.ro\/en\/?s={search_term_string}"},"query-input":{"@type":"PropertyValueSpecification","valueRequired":true,"valueName":"search_term_string"}}],"inLanguage":"en-US"},{"@type":"Organization","@id":"https:\/\/www.2x2race.ro\/en\/#organization","name":"2X2 Race","url":"https:\/\/www.2x2race.ro\/en\/","logo":{"@type":"ImageObject","inLanguage":"en-US","@id":"https:\/\/www.2x2race.ro\/en\/#\/schema\/logo\/image\/","url":"https:\/\/www.2x2race.ro\/media\/logo.png","contentUrl":"https:\/\/www.2x2race.ro\/media\/logo.png","width":100,"height":107,"caption":"2X2 Race"},"image":{"@id":"https:\/\/www.2x2race.ro\/en\/#\/schema\/logo\/image\/"},"sameAs":["https:\/\/www.facebook.com\/2x2Race\/","https:\/\/www.instagram.com\/2x2Race\/"]}]}},"_links":{"self":[{"href":"https:\/\/www.2x2race.ro\/en\/wp-json\/wp\/v2\/pages\/82045","targetHints":{"allow":["GET"]}}],"collection":[{"href":"https:\/\/www.2x2race.ro\/en\/wp-json\/wp\/v2\/pages"}],"about":[{"href":"https:\/\/www.2x2race.ro\/en\/wp-json\/wp\/v2\/types\/page"}],"author":[{"embeddable":true,"href":"https:\/\/www.2x2race.ro\/en\/wp-json\/wp\/v2\/users\/1"}],"replies":[{"embeddable":true,"href":"https:\/\/www.2x2race.ro\/en\/wp-json\/wp\/v2\/comments?post=82045"}],"version-history":[{"count":0,"href":"https:\/\/www.2x2race.ro\/en\/wp-json\/wp\/v2\/pages\/82045\/revisions"}],"wp:attachment":[{"href":"https:\/\/www.2x2race.ro\/en\/wp-json\/wp\/v2\/media?parent=82045"}],"curies":[{"name":"wp","href":"https:\/\/api.w.org\/{rel}","templated":true}]}}